{"id":559,"date":"2019-12-16T18:51:52","date_gmt":"2019-12-16T18:51:52","guid":{"rendered":"https:\/\/barlaplacitatenerife.es\/?page_id=559"},"modified":"2025-03-24T14:14:28","modified_gmt":"2025-03-24T12:14:28","slug":"carta","status":"publish","type":"page","link":"https:\/\/barlaplacitatenerife.es\/en\/carta\/","title":{"rendered":"Menu"},"content":{"rendered":"<p><div class=\"fusion-fullwidth fullwidth-box fusion-builder-row-1 fusion-flex-container has-pattern-background has-mask-background nonhundred-percent-fullwidth non-hundred-percent-height-scrolling\" style=\"--awb-border-radius-top-left:0px;--awb-border-radius-top-right:0px;--awb-border-radius-bottom-right:0px;--awb-border-radius-bottom-left:0px;\" ><div class=\"fusion-builder-row fusion-row fusion-flex-align-items-flex-start\" style=\"max-width:1430px;margin-left: calc(-4% \/ 2 );margin-right: calc(-4% \/ 2 );\"><div class=\"fusion-layout-column fusion_builder_column fusion-builder-column-0 fusion_builder_column_1_1 1_1 fusion-flex-column\" style=\"--awb-bg-size:cover;--awb-width-large:100%;--awb-margin-top-large:0px;--awb-spacing-right-large:1.92%;--awb-margin-bottom-large:8%;--awb-spacing-left-large:1.92%;--awb-width-medium:100%;--awb-order-medium:0;--awb-spacing-right-medium:1.92%;--awb-spacing-left-medium:1.92%;--awb-width-small:100%;--awb-order-small:0;--awb-spacing-right-small:1.92%;--awb-spacing-left-small:1.92%;\"><div class=\"fusion-column-wrapper fusion-column-has-shadow fusion-flex-justify-content-flex-start fusion-content-layout-column\"><div class=\"fusion-image-element\" style=\"text-align:center;--awb-margin-top:50px;--awb-margin-bottom:50px;--awb-caption-title-font-family:var(--h2_typography-font-family);--awb-caption-title-font-weight:var(--h2_typography-font-weight);--awb-caption-title-font-style:var(--h2_typography-font-style);--awb-caption-title-size:var(--h2_typography-font-size);--awb-caption-title-transform:var(--h2_typography-text-transform);--awb-caption-title-line-height:var(--h2_typography-line-height);--awb-caption-title-letter-spacing:var(--h2_typography-letter-spacing);\"><span class=\"fusion-imageframe imageframe-none imageframe-1 hover-type-none\"><img decoding=\"async\" width=\"983\" height=\"979\" title=\"placita9\" src=\"https:\/\/barlaplacitatenerife.es\/wp-content\/uploads\/2025\/03\/placita9.jpg\" alt class=\"img-responsive wp-image-4038\" srcset=\"https:\/\/barlaplacitatenerife.es\/wp-content\/uploads\/2025\/03\/placita9-200x199.jpg 200w, https:\/\/barlaplacitatenerife.es\/wp-content\/uploads\/2025\/03\/placita9-400x398.jpg 400w, https:\/\/barlaplacitatenerife.es\/wp-content\/uploads\/2025\/03\/placita9-600x598.jpg 600w, https:\/\/barlaplacitatenerife.es\/wp-content\/uploads\/2025\/03\/placita9-800x797.jpg 800w, https:\/\/barlaplacitatenerife.es\/wp-content\/uploads\/2025\/03\/placita9.jpg 983w\" sizes=\"(max-width: 1024px) 100vw, (max-width: 640px) 100vw, 983px\" \/><\/span><\/div><div class=\"fusion-image-element\" style=\"text-align:center;--awb-margin-top:50px;--awb-margin-bottom:50px;--awb-caption-title-font-family:var(--h2_typography-font-family);--awb-caption-title-font-weight:var(--h2_typography-font-weight);--awb-caption-title-font-style:var(--h2_typography-font-style);--awb-caption-title-size:var(--h2_typography-font-size);--awb-caption-title-transform:var(--h2_typography-text-transform);--awb-caption-title-line-height:var(--h2_typography-line-height);--awb-caption-title-letter-spacing:var(--h2_typography-letter-spacing);\"><span class=\"fusion-imageframe imageframe-none imageframe-2 hover-type-none\"><img decoding=\"async\" width=\"972\" height=\"1290\" title=\"placita6\" src=\"https:\/\/barlaplacitatenerife.es\/wp-content\/uploads\/2025\/03\/placita6.jpg\" alt class=\"img-responsive wp-image-4041\" srcset=\"https:\/\/barlaplacitatenerife.es\/wp-content\/uploads\/2025\/03\/placita6-200x265.jpg 200w, https:\/\/barlaplacitatenerife.es\/wp-content\/uploads\/2025\/03\/placita6-400x531.jpg 400w, https:\/\/barlaplacitatenerife.es\/wp-content\/uploads\/2025\/03\/placita6-600x796.jpg 600w, https:\/\/barlaplacitatenerife.es\/wp-content\/uploads\/2025\/03\/placita6-800x1062.jpg 800w, https:\/\/barlaplacitatenerife.es\/wp-content\/uploads\/2025\/03\/placita6.jpg 972w\" sizes=\"(max-width: 1024px) 100vw, (max-width: 640px) 100vw, 972px\" \/><\/span><\/div><div class=\"fusion-image-element\" style=\"text-align:center;--awb-margin-top:50px;--awb-margin-bottom:50px;--awb-caption-title-font-family:var(--h2_typography-font-family);--awb-caption-title-font-weight:var(--h2_typography-font-weight);--awb-caption-title-font-style:var(--h2_typography-font-style);--awb-caption-title-size:var(--h2_typography-font-size);--awb-caption-title-transform:var(--h2_typography-text-transform);--awb-caption-title-line-height:var(--h2_typography-line-height);--awb-caption-title-letter-spacing:var(--h2_typography-letter-spacing);\"><span class=\"fusion-imageframe imageframe-none imageframe-3 hover-type-none\"><img decoding=\"async\" width=\"1056\" height=\"908\" title=\"placita8\" src=\"https:\/\/barlaplacitatenerife.es\/wp-content\/uploads\/2025\/03\/placita8.jpg\" alt class=\"img-responsive wp-image-4039\" srcset=\"https:\/\/barlaplacitatenerife.es\/wp-content\/uploads\/2025\/03\/placita8-200x172.jpg 200w, https:\/\/barlaplacitatenerife.es\/wp-content\/uploads\/2025\/03\/placita8-400x344.jpg 400w, https:\/\/barlaplacitatenerife.es\/wp-content\/uploads\/2025\/03\/placita8-600x516.jpg 600w, https:\/\/barlaplacitatenerife.es\/wp-content\/uploads\/2025\/03\/placita8-800x688.jpg 800w, https:\/\/barlaplacitatenerife.es\/wp-content\/uploads\/2025\/03\/placita8.jpg 1056w\" sizes=\"(max-width: 1024px) 100vw, (max-width: 640px) 100vw, 1056px\" \/><\/span><\/div><div class=\"fusion-image-element\" style=\"text-align:center;--awb-margin-top:50px;--awb-margin-bottom:50px;--awb-caption-title-font-family:var(--h2_typography-font-family);--awb-caption-title-font-weight:var(--h2_typography-font-weight);--awb-caption-title-font-style:var(--h2_typography-font-style);--awb-caption-title-size:var(--h2_typography-font-size);--awb-caption-title-transform:var(--h2_typography-text-transform);--awb-caption-title-line-height:var(--h2_typography-line-height);--awb-caption-title-letter-spacing:var(--h2_typography-letter-spacing);\"><span class=\"fusion-imageframe imageframe-none imageframe-4 hover-type-none\"><img decoding=\"async\" width=\"943\" height=\"1380\" title=\"placita7\" src=\"https:\/\/barlaplacitatenerife.es\/wp-content\/uploads\/2025\/03\/placita7.jpg\" alt class=\"img-responsive wp-image-4040\" srcset=\"https:\/\/barlaplacitatenerife.es\/wp-content\/uploads\/2025\/03\/placita7-200x293.jpg 200w, https:\/\/barlaplacitatenerife.es\/wp-content\/uploads\/2025\/03\/placita7-400x585.jpg 400w, https:\/\/barlaplacitatenerife.es\/wp-content\/uploads\/2025\/03\/placita7-600x878.jpg 600w, https:\/\/barlaplacitatenerife.es\/wp-content\/uploads\/2025\/03\/placita7-800x1171.jpg 800w, https:\/\/barlaplacitatenerife.es\/wp-content\/uploads\/2025\/03\/placita7.jpg 943w\" sizes=\"(max-width: 1024px) 100vw, (max-width: 640px) 100vw, 943px\" \/><\/span><\/div><div class=\"fusion-image-element\" style=\"text-align:center;--awb-margin-top:50px;--awb-margin-bottom:50px;--awb-caption-title-font-family:var(--h2_typography-font-family);--awb-caption-title-font-weight:var(--h2_typography-font-weight);--awb-caption-title-font-style:var(--h2_typography-font-style);--awb-caption-title-size:var(--h2_typography-font-size);--awb-caption-title-transform:var(--h2_typography-text-transform);--awb-caption-title-line-height:var(--h2_typography-line-height);--awb-caption-title-letter-spacing:var(--h2_typography-letter-spacing);\"><span class=\"fusion-imageframe imageframe-none imageframe-5 hover-type-none\"><img decoding=\"async\" width=\"1002\" height=\"1005\" title=\"placita5\" src=\"https:\/\/barlaplacitatenerife.es\/wp-content\/uploads\/2025\/03\/placita5.jpg\" alt class=\"img-responsive wp-image-4042\" srcset=\"https:\/\/barlaplacitatenerife.es\/wp-content\/uploads\/2025\/03\/placita5-200x201.jpg 200w, https:\/\/barlaplacitatenerife.es\/wp-content\/uploads\/2025\/03\/placita5-400x401.jpg 400w, https:\/\/barlaplacitatenerife.es\/wp-content\/uploads\/2025\/03\/placita5-600x602.jpg 600w, https:\/\/barlaplacitatenerife.es\/wp-content\/uploads\/2025\/03\/placita5-800x802.jpg 800w, https:\/\/barlaplacitatenerife.es\/wp-content\/uploads\/2025\/03\/placita5.jpg 1002w\" sizes=\"(max-width: 1024px) 100vw, (max-width: 640px) 100vw, 1002px\" \/><\/span><\/div><\/div><\/div><\/div><\/div><div class=\"fusion-fullwidth fullwidth-box fusion-builder-row-2 fusion-flex-container fusion-parallax-none nonhundred-percent-fullwidth non-hundred-percent-height-scrolling\" style=\"--awb-border-sizes-top:50;--awb-border-sizes-bottom:50;--awb-border-radius-top-left:0px;--awb-border-radius-top-right:0px;--awb-border-radius-bottom-right:0px;--awb-border-radius-bottom-left:0px;--awb-padding-top:34%;--awb-padding-bottom:2%;--awb-margin-top:50px;--awb-margin-bottom:50px;--awb-background-image:linear-gradient(180deg, rgba(3,3,3,0) 78%,hsla(var(--awb-color8-h),var(--awb-color8-s),calc( var(--awb-color8-l) + 1% ),calc( var(--awb-color8-a) - 40% )) 100%),url(https:\/\/barlaplacitatenerife.es\/wp-content\/uploads\/2025\/03\/placita3.jpg);;--awb-background-size:cover;\" ><div class=\"fusion-builder-row fusion-row fusion-flex-align-items-flex-start\" style=\"max-width:calc( 1375px + 0px );margin-left: calc(-0px \/ 2 );margin-right: calc(-0px \/ 2 );\"><div class=\"fusion-layout-column fusion_builder_column fusion-builder-column-1 fusion_builder_column_1_1 1_1 fusion-flex-column\" style=\"--awb-bg-size:cover;--awb-width-large:100%;--awb-margin-top-large:0px;--awb-spacing-right-large:0px;--awb-margin-bottom-large:0px;--awb-spacing-left-large:0px;--awb-width-medium:100%;--awb-spacing-right-medium:0px;--awb-spacing-left-medium:0px;--awb-width-small:100%;--awb-spacing-right-small:0px;--awb-spacing-left-small:0px;\"><div class=\"fusion-column-wrapper fusion-column-has-shadow fusion-flex-justify-content-flex-start fusion-content-layout-column\"><div class=\"fusion-title title fusion-title-1 fusion-sep-none fusion-title-center fusion-title-text fusion-title-size-six\" style=\"--awb-text-color:var(--awb-color1);--awb-margin-bottom:0px;--awb-font-size:15px;\"><h6 class=\"title-heading-center fusion-responsive-typography-calculated\" style=\"margin:0;font-size:1em;--fontSize:15;--minFontSize:15;line-height:var(--awb-typography2-line-height);\">Special Salad<\/h6><\/div><\/div><\/div><\/div><\/div><div class=\"fusion-fullwidth fullwidth-box fusion-builder-row-3 fusion-flex-container fusion-parallax-none nonhundred-percent-fullwidth non-hundred-percent-height-scrolling\" style=\"--awb-border-sizes-top:50;--awb-border-sizes-bottom:50;--awb-border-radius-top-left:0px;--awb-border-radius-top-right:0px;--awb-border-radius-bottom-right:0px;--awb-border-radius-bottom-left:0px;--awb-padding-top:34%;--awb-padding-bottom:2%;--awb-margin-top:50px;--awb-margin-bottom:50px;--awb-background-image:linear-gradient(180deg, rgba(3,3,3,0) 78%,hsla(var(--awb-color8-h),var(--awb-color8-s),calc( var(--awb-color8-l) + 1% ),calc( var(--awb-color8-a) - 40% )) 100%),url(https:\/\/barlaplacitatenerife.es\/wp-content\/uploads\/2025\/03\/placita2.jpg);;--awb-background-size:cover;\" ><div class=\"fusion-builder-row fusion-row fusion-flex-align-items-flex-start\" style=\"max-width:calc( 1375px + 0px );margin-left: calc(-0px \/ 2 );margin-right: calc(-0px \/ 2 );\"><div class=\"fusion-layout-column fusion_builder_column fusion-builder-column-2 fusion_builder_column_1_1 1_1 fusion-flex-column\" style=\"--awb-bg-size:cover;--awb-width-large:100%;--awb-margin-top-large:0px;--awb-spacing-right-large:0px;--awb-margin-bottom-large:0px;--awb-spacing-left-large:0px;--awb-width-medium:100%;--awb-spacing-right-medium:0px;--awb-spacing-left-medium:0px;--awb-width-small:100%;--awb-spacing-right-small:0px;--awb-spacing-left-small:0px;\"><div class=\"fusion-column-wrapper fusion-column-has-shadow fusion-flex-justify-content-flex-start fusion-content-layout-column\"><div class=\"fusion-title title fusion-title-2 fusion-sep-none fusion-title-center fusion-title-text fusion-title-size-six\" style=\"--awb-text-color:var(--awb-color1);--awb-margin-bottom:0px;--awb-font-size:15px;\"><h6 class=\"title-heading-center fusion-responsive-typography-calculated\" style=\"margin:0;font-size:1em;--fontSize:15;--minFontSize:15;line-height:var(--awb-typography2-line-height);\">Fried fish<\/h6><\/div><\/div><\/div><\/div><\/div><div class=\"fusion-fullwidth fullwidth-box fusion-builder-row-4 fusion-flex-container fusion-parallax-none nonhundred-percent-fullwidth non-hundred-percent-height-scrolling\" style=\"--awb-border-sizes-top:50;--awb-border-sizes-bottom:50;--awb-border-radius-top-left:0px;--awb-border-radius-top-right:0px;--awb-border-radius-bottom-right:0px;--awb-border-radius-bottom-left:0px;--awb-padding-top:34%;--awb-padding-bottom:2%;--awb-margin-top:50px;--awb-margin-bottom:50px;--awb-background-image:linear-gradient(180deg, rgba(3,3,3,0) 78%,hsla(var(--awb-color8-h),var(--awb-color8-s),calc( var(--awb-color8-l) + 1% ),calc( var(--awb-color8-a) - 40% )) 100%),url(https:\/\/barlaplacitatenerife.es\/wp-content\/uploads\/2025\/03\/placita1.jpg);;--awb-background-size:cover;\" ><div class=\"fusion-builder-row fusion-row fusion-flex-align-items-flex-start\" style=\"max-width:calc( 1375px + 0px );margin-left: calc(-0px \/ 2 );margin-right: calc(-0px \/ 2 );\"><div class=\"fusion-layout-column fusion_builder_column fusion-builder-column-3 fusion_builder_column_1_1 1_1 fusion-flex-column\" style=\"--awb-bg-size:cover;--awb-width-large:100%;--awb-margin-top-large:0px;--awb-spacing-right-large:0px;--awb-margin-bottom-large:0px;--awb-spacing-left-large:0px;--awb-width-medium:100%;--awb-spacing-right-medium:0px;--awb-spacing-left-medium:0px;--awb-width-small:100%;--awb-spacing-right-small:0px;--awb-spacing-left-small:0px;\"><div class=\"fusion-column-wrapper fusion-column-has-shadow fusion-flex-justify-content-flex-start fusion-content-layout-column\"><div class=\"fusion-title title fusion-title-3 fusion-sep-none fusion-title-center fusion-title-text fusion-title-size-six\" style=\"--awb-text-color:var(--awb-color1);--awb-margin-bottom:0px;--awb-font-size:15px;\"><h6 class=\"title-heading-center fusion-responsive-typography-calculated\" style=\"margin:0;font-size:1em;--fontSize:15;--minFontSize:15;line-height:var(--awb-typography2-line-height);\">Crispy chicken<\/h6><\/div><\/div><\/div><\/div><\/div><\/p>","protected":false},"excerpt":{"rendered":"","protected":false},"author":1,"featured_media":575,"parent":0,"menu_order":0,"comment_status":"closed","ping_status":"closed","template":"100-width.php","meta":{"footnotes":""},"class_list":["post-559","page","type-page","status-publish","has-post-thumbnail","hentry"],"yoast_head":"<!-- This site is optimized with the Yoast SEO plugin v20.13 - https:\/\/yoast.com\/wordpress\/plugins\/seo\/ -->\n<title>Carta - Bar La Placita<\/title>\n<meta name=\"description\" content=\"Sum\u00e9rgete en una experiencia gastron\u00f3mica \u00fanica en Bar La Placita. Descubre nuestra exquisita carta boliviana en Santa Cruz de Tenerife.\" \/>\n<meta name=\"robots\" content=\"index, follow, max-snippet:-1, max-image-preview:large, max-video-preview:-1\" \/>\n<link rel=\"canonical\" href=\"https:\/\/barlaplacitatenerife.es\/en\/carta\/\" \/>\n<meta property=\"og:locale\" content=\"en_US\" \/>\n<meta property=\"og:type\" content=\"article\" \/>\n<meta property=\"og:title\" content=\"Carta - Bar La Placita\" \/>\n<meta property=\"og:description\" content=\"Sum\u00e9rgete en una experiencia gastron\u00f3mica \u00fanica en Bar La Placita. Descubre nuestra exquisita carta boliviana en Santa Cruz de Tenerife.\" \/>\n<meta property=\"og:url\" content=\"https:\/\/barlaplacitatenerife.es\/en\/carta\/\" \/>\n<meta property=\"og:site_name\" content=\"Bar La Placita\" \/>\n<meta property=\"article:modified_time\" content=\"2025-03-24T12:14:28+00:00\" \/>\n<meta property=\"og:image\" content=\"https:\/\/barlaplacitatenerife.es\/wp-content\/uploads\/2019\/12\/page22x-scaled.jpg\" \/>\n\t<meta property=\"og:image:width\" content=\"2560\" \/>\n\t<meta property=\"og:image:height\" content=\"792\" \/>\n\t<meta property=\"og:image:type\" content=\"image\/jpeg\" \/>\n<meta name=\"twitter:card\" content=\"summary_large_image\" \/>\n<meta name=\"twitter:label1\" content=\"Est. reading time\" \/>\n\t<meta name=\"twitter:data1\" content=\"4 minutes\" \/>\n<script type=\"application\/ld+json\" class=\"yoast-schema-graph\">{\"@context\":\"https:\/\/schema.org\",\"@graph\":[{\"@type\":\"WebPage\",\"@id\":\"https:\/\/barlaplacitatenerife.es\/carta\/\",\"url\":\"https:\/\/barlaplacitatenerife.es\/carta\/\",\"name\":\"Carta - Bar La Placita\",\"isPartOf\":{\"@id\":\"https:\/\/barlaplacitatenerife.es\/#website\"},\"datePublished\":\"2019-12-16T18:51:52+00:00\",\"dateModified\":\"2025-03-24T12:14:28+00:00\",\"description\":\"Sum\u00e9rgete en una experiencia gastron\u00f3mica \u00fanica en Bar La Placita. Descubre nuestra exquisita carta boliviana en Santa Cruz de Tenerife.\",\"breadcrumb\":{\"@id\":\"https:\/\/barlaplacitatenerife.es\/carta\/#breadcrumb\"},\"inLanguage\":\"en-US\",\"potentialAction\":[{\"@type\":\"ReadAction\",\"target\":[\"https:\/\/barlaplacitatenerife.es\/carta\/\"]}]},{\"@type\":\"BreadcrumbList\",\"@id\":\"https:\/\/barlaplacitatenerife.es\/carta\/#breadcrumb\",\"itemListElement\":[{\"@type\":\"ListItem\",\"position\":1,\"name\":\"Portada\",\"item\":\"https:\/\/barlaplacitatenerife.es\/\"},{\"@type\":\"ListItem\",\"position\":2,\"name\":\"Carta\"}]},{\"@type\":\"WebSite\",\"@id\":\"https:\/\/barlaplacitatenerife.es\/#website\",\"url\":\"https:\/\/barlaplacitatenerife.es\/\",\"name\":\"Bar La Placita\",\"description\":\"El rinc\u00f3n boliviano.\",\"publisher\":{\"@id\":\"https:\/\/barlaplacitatenerife.es\/#organization\"},\"potentialAction\":[{\"@type\":\"SearchAction\",\"target\":{\"@type\":\"EntryPoint\",\"urlTemplate\":\"https:\/\/barlaplacitatenerife.es\/?s={search_term_string}\"},\"query-input\":\"required name=search_term_string\"}],\"inLanguage\":\"en-US\"},{\"@type\":\"Organization\",\"@id\":\"https:\/\/barlaplacitatenerife.es\/#organization\",\"name\":\"Bar La Placita\",\"url\":\"https:\/\/barlaplacitatenerife.es\/\",\"logo\":{\"@type\":\"ImageObject\",\"inLanguage\":\"en-US\",\"@id\":\"https:\/\/barlaplacitatenerife.es\/#\/schema\/logo\/image\/\",\"url\":\"https:\/\/barlaplacitatenerife.es\/wp-content\/uploads\/2025\/03\/480813090_613341091608752_8344172331927932770_n.jpg\",\"contentUrl\":\"https:\/\/barlaplacitatenerife.es\/wp-content\/uploads\/2025\/03\/480813090_613341091608752_8344172331927932770_n.jpg\",\"width\":812,\"height\":819,\"caption\":\"Bar La Placita\"},\"image\":{\"@id\":\"https:\/\/barlaplacitatenerife.es\/#\/schema\/logo\/image\/\"}}]}<\/script>\n<!-- \/ Yoast SEO plugin. -->","yoast_head_json":{"title":"Carta - Bar La Placita","description":"Sum\u00e9rgete en una experiencia gastron\u00f3mica \u00fanica en Bar La Placita. Descubre nuestra exquisita carta boliviana en Santa Cruz de Tenerife.","robots":{"index":"index","follow":"follow","max-snippet":"max-snippet:-1","max-image-preview":"max-image-preview:large","max-video-preview":"max-video-preview:-1"},"canonical":"https:\/\/barlaplacitatenerife.es\/en\/carta\/","og_locale":"en_US","og_type":"article","og_title":"Carta - Bar La Placita","og_description":"Sum\u00e9rgete en una experiencia gastron\u00f3mica \u00fanica en Bar La Placita. Descubre nuestra exquisita carta boliviana en Santa Cruz de Tenerife.","og_url":"https:\/\/barlaplacitatenerife.es\/en\/carta\/","og_site_name":"Bar La Placita","article_modified_time":"2025-03-24T12:14:28+00:00","og_image":[{"width":2560,"height":792,"url":"https:\/\/barlaplacitatenerife.es\/wp-content\/uploads\/2019\/12\/page22x-scaled.jpg","type":"image\/jpeg"}],"twitter_card":"summary_large_image","twitter_misc":{"Est. reading time":"4 minutes"},"schema":{"@context":"https:\/\/schema.org","@graph":[{"@type":"WebPage","@id":"https:\/\/barlaplacitatenerife.es\/carta\/","url":"https:\/\/barlaplacitatenerife.es\/carta\/","name":"Carta - Bar La Placita","isPartOf":{"@id":"https:\/\/barlaplacitatenerife.es\/#website"},"datePublished":"2019-12-16T18:51:52+00:00","dateModified":"2025-03-24T12:14:28+00:00","description":"Sum\u00e9rgete en una experiencia gastron\u00f3mica \u00fanica en Bar La Placita. Descubre nuestra exquisita carta boliviana en Santa Cruz de Tenerife.","breadcrumb":{"@id":"https:\/\/barlaplacitatenerife.es\/carta\/#breadcrumb"},"inLanguage":"en-US","potentialAction":[{"@type":"ReadAction","target":["https:\/\/barlaplacitatenerife.es\/carta\/"]}]},{"@type":"BreadcrumbList","@id":"https:\/\/barlaplacitatenerife.es\/carta\/#breadcrumb","itemListElement":[{"@type":"ListItem","position":1,"name":"Portada","item":"https:\/\/barlaplacitatenerife.es\/"},{"@type":"ListItem","position":2,"name":"Carta"}]},{"@type":"WebSite","@id":"https:\/\/barlaplacitatenerife.es\/#website","url":"https:\/\/barlaplacitatenerife.es\/","name":"Bar La Placita","description":"El rinc\u00f3n boliviano.","publisher":{"@id":"https:\/\/barlaplacitatenerife.es\/#organization"},"potentialAction":[{"@type":"SearchAction","target":{"@type":"EntryPoint","urlTemplate":"https:\/\/barlaplacitatenerife.es\/?s={search_term_string}"},"query-input":"required name=search_term_string"}],"inLanguage":"en-US"},{"@type":"Organization","@id":"https:\/\/barlaplacitatenerife.es\/#organization","name":"Bar La Placita","url":"https:\/\/barlaplacitatenerife.es\/","logo":{"@type":"ImageObject","inLanguage":"en-US","@id":"https:\/\/barlaplacitatenerife.es\/#\/schema\/logo\/image\/","url":"https:\/\/barlaplacitatenerife.es\/wp-content\/uploads\/2025\/03\/480813090_613341091608752_8344172331927932770_n.jpg","contentUrl":"https:\/\/barlaplacitatenerife.es\/wp-content\/uploads\/2025\/03\/480813090_613341091608752_8344172331927932770_n.jpg","width":812,"height":819,"caption":"Bar La Placita"},"image":{"@id":"https:\/\/barlaplacitatenerife.es\/#\/schema\/logo\/image\/"}}]}},"_links":{"self":[{"href":"https:\/\/barlaplacitatenerife.es\/en\/wp-json\/wp\/v2\/pages\/559","targetHints":{"allow":["GET"]}}],"collection":[{"href":"https:\/\/barlaplacitatenerife.es\/en\/wp-json\/wp\/v2\/pages"}],"about":[{"href":"https:\/\/barlaplacitatenerife.es\/en\/wp-json\/wp\/v2\/types\/page"}],"author":[{"embeddable":true,"href":"https:\/\/barlaplacitatenerife.es\/en\/wp-json\/wp\/v2\/users\/1"}],"replies":[{"embeddable":true,"href":"https:\/\/barlaplacitatenerife.es\/en\/wp-json\/wp\/v2\/comments?post=559"}],"version-history":[{"count":24,"href":"https:\/\/barlaplacitatenerife.es\/en\/wp-json\/wp\/v2\/pages\/559\/revisions"}],"predecessor-version":[{"id":4072,"href":"https:\/\/barlaplacitatenerife.es\/en\/wp-json\/wp\/v2\/pages\/559\/revisions\/4072"}],"wp:featuredmedia":[{"embeddable":true,"href":"https:\/\/barlaplacitatenerife.es\/en\/wp-json\/wp\/v2\/media\/575"}],"wp:attachment":[{"href":"https:\/\/barlaplacitatenerife.es\/en\/wp-json\/wp\/v2\/media?parent=559"}],"curies":[{"name":"wp","href":"https:\/\/api.w.org\/{rel}","templated":true}]}}